{"id":1030,"date":"2021-10-11T08:27:12","date_gmt":"2021-10-11T06:27:12","guid":{"rendered":"https:\/\/orione.abacus85.it\/a-propos-de-nous\/"},"modified":"2021-10-12T16:20:33","modified_gmt":"2021-10-12T14:20:33","slug":"a-propos-de-nous","status":"publish","type":"page","link":"https:\/\/www.orione-srl.com\/fr\/a-propos-de-nous\/","title":{"rendered":"\u00c0 propos de nous"},"content":{"rendered":"<p>[et_pb_section fb_built=\u00a0\u00bb1&Prime; admin_label=\u00a0\u00bbHero\u00a0\u00bb _builder_version=\u00a0\u00bb4.9.4&Prime; use_background_color_gradient=\u00a0\u00bbon\u00a0\u00bb background_color_gradient_start=\u00a0\u00bbrgba(40,40,40,0.79)\u00a0\u00bb background_color_gradient_end=\u00a0\u00bbrgba(40,40,40,0.86)\u00a0\u00bb background_color_gradient_type=\u00a0\u00bbradial\u00a0\u00bb background_color_gradient_direction_radial=\u00a0\u00bbtop left\u00a0\u00bb background_color_gradient_overlays_image=\u00a0\u00bbon\u00a0\u00bb background_image=\u00a0\u00bbhttps:\/\/orione-srl.com\/wp-content\/uploads\/2021\/05\/double-exposure-image-many-business-people-conference-group-meeting-city-office-building-background-showing-partnership-success-business-deal-scaled.jpg\u00a0\u00bb custom_margin=\u00a0\u00bb||||false\u00a0\u00bb custom_padding=\u00a0\u00bb2vw||2vw||true|false\u00a0\u00bb][et_pb_row column_structure=\u00a0\u00bb2_3,1_3&Prime; _builder_version=\u00a0\u00bb3.25&Prime;][et_pb_column type=\u00a0\u00bb2_3&Prime; _builder_version=\u00a0\u00bb3.25&Prime; custom_padding=\u00a0\u00bb|||\u00a0\u00bb custom_padding__hover=\u00a0\u00bb|||\u00a0\u00bb][et_pb_text _builder_version=\u00a0\u00bb4.9.4&Prime; text_font=\u00a0\u00bb||||||||\u00a0\u00bb header_font=\u00a0\u00bbRubik|700|||||||\u00a0\u00bb header_font_size=\u00a0\u00bb64px\u00a0\u00bb header_line_height=\u00a0\u00bb1.1em\u00a0\u00bb background_layout=\u00a0\u00bbdark\u00a0\u00bb max_width=\u00a0\u00bb800px\u00a0\u00bb custom_margin=\u00a0\u00bb||0px|\u00a0\u00bb custom_padding=\u00a0\u00bb|||16px\u00a0\u00bb text_font_size_tablet=\u00a0\u00bb14px\u00a0\u00bb text_font_size_last_edited=\u00a0\u00bboff|desktop\u00a0\u00bb header_font_size_tablet=\u00a0\u00bb44px\u00a0\u00bb header_font_size_phone=\u00a0\u00bb32px\u00a0\u00bb header_font_size_last_edited=\u00a0\u00bbon|phone\u00a0\u00bb border_color_all=\u00a0\u00bb#ffb400&Prime; border_width_left=\u00a0\u00bb10px\u00a0\u00bb border_color_left=\u00a0\u00bb#f96917&Prime;]<\/p>\n<h1>\u00c0 propos de nous<\/h1>\n<p>[\/et_pb_text][\/et_pb_column][et_pb_column type=\u00a0\u00bb1_3&Prime; _builder_version=\u00a0\u00bb3.25&Prime; custom_padding=\u00a0\u00bb|||\u00a0\u00bb custom_padding__hover=\u00a0\u00bb|||\u00a0\u00bb][\/et_pb_column][\/et_pb_row][\/et_pb_section][et_pb_section fb_built=\u00a0\u00bb1&Prime; admin_label=\u00a0\u00bbAbout Us\u00a0\u00bb _builder_version=\u00a0\u00bb3.22&Prime;][et_pb_row _builder_version=\u00a0\u00bb3.25&Prime;][et_pb_column type=\u00a0\u00bb4_4&Prime; _builder_version=\u00a0\u00bb3.25&Prime; custom_padding=\u00a0\u00bb|||\u00a0\u00bb custom_padding__hover=\u00a0\u00bb|||\u00a0\u00bb][et_pb_text _builder_version=\u00a0\u00bb3.27.4&Prime; text_font=\u00a0\u00bb||||||||\u00a0\u00bb header_font=\u00a0\u00bb||||||||\u00a0\u00bb header_2_font=\u00a0\u00bbRubik|700|||||||\u00a0\u00bb header_2_font_size=\u00a0\u00bb42px\u00a0\u00bb header_2_line_height=\u00a0\u00bb1.2em\u00a0\u00bb text_orientation=\u00a0\u00bbcenter\u00a0\u00bb module_alignment=\u00a0\u00bbcenter\u00a0\u00bb custom_margin=\u00a0\u00bb|||\u00a0\u00bb custom_padding=\u00a0\u00bb|||\u00a0\u00bb header_2_font_size_tablet=\u00a0\u00bb\u00a0\u00bb header_2_font_size_phone=\u00a0\u00bb36px\u00a0\u00bb header_2_font_size_last_edited=\u00a0\u00bbon|phone\u00a0\u00bb locked=\u00a0\u00bboff\u00a0\u00bb]<\/p>\n<h2>La soci\u00e9t\u00e9<\/h2>\n<p>[\/et_pb_text][et_pb_divider color=\u00a0\u00bb#f96917&Prime; divider_position=\u00a0\u00bbcenter\u00a0\u00bb divider_weight=\u00a0\u00bb5px\u00a0\u00bb _builder_version=\u00a0\u00bb4.9.4&Prime; max_width=\u00a0\u00bb50px\u00a0\u00bb module_alignment=\u00a0\u00bbcenter\u00a0\u00bb locked=\u00a0\u00bboff\u00a0\u00bb][\/et_pb_divider][\/et_pb_column][\/et_pb_row][et_pb_row column_structure=\u00a0\u00bb1_2,1_2&Prime; _builder_version=\u00a0\u00bb3.25&Prime;][et_pb_column type=\u00a0\u00bb1_2&Prime; _builder_version=\u00a0\u00bb3.25&Prime; custom_padding=\u00a0\u00bb|||\u00a0\u00bb custom_padding__hover=\u00a0\u00bb|||\u00a0\u00bb][et_pb_text _builder_version=\u00a0\u00bb4.9.4&Prime; text_font=\u00a0\u00bb||||||||\u00a0\u00bb text_font_size=\u00a0\u00bb15px\u00a0\u00bb text_line_height=\u00a0\u00bb1.8em\u00a0\u00bb custom_padding=\u00a0\u00bb|||\u00a0\u00bb custom_padding_tablet=\u00a0\u00bb|40px||40px||true\u00a0\u00bb custom_padding_last_edited=\u00a0\u00bboff|desktop\u00a0\u00bb hover_enabled=\u00a0\u00bb0&Prime; sticky_enabled=\u00a0\u00bb0&Prime;]<\/p>\n<p>Orione srl a \u00e9t\u00e9 fond\u00e9e en 2007 par la reprise du fabricant historique de r\u00e9ducteurs de pression du m\u00eame nom, fond\u00e9 en 1919, perp\u00e9tuant ainsi la tradition de production de r\u00e9ducteurs de pression con\u00e7us pour garantir la fiabilit\u00e9 et la durabilit\u00e9 dans les conditions de fonctionnement les plus s\u00e9v\u00e8res.<\/p>\n<p>Outre la vente de produits industriels, de flange, de raccords, de tuyaux en fer et galvanis\u00e9s, l&rsquo;entreprise a introduit des produits sp\u00e9cifiques pour les secteurs alimentaire, cosm\u00e9tique et pharmaceutique, tels que des pompes, des agitateurs, des m\u00e9langeurs, des raccords en acier inoxydable, des tuyaux flexibles et des raccords sp\u00e9cifiques certifi\u00e9s FDA.<\/p>\n<p>Traduit avec www.DeepL.com\/Translator (version gratuite)<\/p>\n<p>[\/et_pb_text][\/et_pb_column][et_pb_column type=\u00a0\u00bb1_2&Prime; _builder_version=\u00a0\u00bb3.25&Prime; custom_padding=\u00a0\u00bb|||\u00a0\u00bb custom_padding__hover=\u00a0\u00bb|||\u00a0\u00bb][et_pb_text _builder_version=\u00a0\u00bb4.9.4&Prime; text_font=\u00a0\u00bb||||||||\u00a0\u00bb text_font_size=\u00a0\u00bb15px\u00a0\u00bb text_line_height=\u00a0\u00bb1.8em\u00a0\u00bb custom_padding=\u00a0\u00bb|||\u00a0\u00bb custom_padding_tablet=\u00a0\u00bb|40px||40px||true\u00a0\u00bb custom_padding_last_edited=\u00a0\u00bboff|desktop\u00a0\u00bb hover_enabled=\u00a0\u00bb0&Prime; locked=\u00a0\u00bboff\u00a0\u00bb sticky_enabled=\u00a0\u00bb0&Prime;]<\/p>\n<p>Avec la collaboration d&rsquo;entreprises r\u00e9alisant des produits destin\u00e9s \u00e0 des secteurs tels que la production de cr\u00e8mes cosm\u00e9tiques, de shampooings, d&rsquo;apr\u00e8s-shampooings et de produits trichologiques en g\u00e9n\u00e9ral, nous sommes en mesure de satisfaire toutes les exigences et de nous proposer aux clients comme un point de r\u00e9f\u00e9rence clair, pas uniquement en ce qui concerne la qualit\u00e9 des produits propos\u00e9s et la disponibilit\u00e9 imm\u00e9diate des mat\u00e9riaux, mais \u00e9galement pour assurer une assistance technique avant et apr\u00e8s la vente, de la conception \u00e0 la construction d&rsquo;installations et de machines en skid.<\/p>\n<p>Traduit avec www.DeepL.com\/Translator (version gratuite)<\/p>\n<p>[\/et_pb_text][\/et_pb_column][\/et_pb_row][\/et_pb_section][et_pb_section fb_built=\u00a0\u00bb1&Prime; specialty=\u00a0\u00bbon\u00a0\u00bb padding_top_bottom_link_1=\u00a0\u00bbtrue\u00a0\u00bb padding_left_right_link_1=\u00a0\u00bbfalse\u00a0\u00bb padding_top_1=\u00a0\u00bb80px\u00a0\u00bb padding_bottom_1=\u00a0\u00bb80px\u00a0\u00bb padding_left_1=\u00a0\u00bb60px\u00a0\u00bb padding_1_tablet=\u00a0\u00bb|10%||10%||true\u00a0\u00bb padding_1_phone=\u00a0\u00bb\u00a0\u00bb padding_1_last_edited=\u00a0\u00bbon|desktop\u00a0\u00bb admin_label=\u00a0\u00bbAbout Us Continued\u00a0\u00bb _builder_version=\u00a0\u00bb4.9.4&Prime; background_color=\u00a0\u00bb#f7f7f7&Prime; inner_width=\u00a0\u00bb100%\u00a0\u00bb inner_max_width=\u00a0\u00bb100%\u00a0\u00bb custom_padding=\u00a0\u00bb0||||false|false\u00a0\u00bb hover_enabled=\u00a0\u00bb0&Prime; use_custom_width=\u00a0\u00bbon\u00a0\u00bb width_unit=\u00a0\u00bboff\u00a0\u00bb custom_width_percent=\u00a0\u00bb100%\u00a0\u00bb sticky_enabled=\u00a0\u00bb0&Prime;][et_pb_column type=\u00a0\u00bb1_3&Prime; _builder_version=\u00a0\u00bb3.25&Prime; custom_padding=\u00a0\u00bb|||\u00a0\u00bb padding_tablet=\u00a0\u00bb|10%||10%||true\u00a0\u00bb padding_last_edited=\u00a0\u00bbon|desktop\u00a0\u00bb custom_padding__hover=\u00a0\u00bb|||\u00a0\u00bb][et_pb_text _builder_version=\u00a0\u00bb3.27.4&Prime; text_font=\u00a0\u00bb||||||||\u00a0\u00bb header_font=\u00a0\u00bb||||||||\u00a0\u00bb header_2_font=\u00a0\u00bbRubik|700|||||||\u00a0\u00bb header_2_font_size=\u00a0\u00bb32px\u00a0\u00bb header_2_line_height=\u00a0\u00bb1.2em\u00a0\u00bb custom_margin=\u00a0\u00bb|||\u00a0\u00bb custom_padding=\u00a0\u00bb|||\u00a0\u00bb header_2_font_size_last_edited=\u00a0\u00bboff|desktop\u00a0\u00bb locked=\u00a0\u00bboff\u00a0\u00bb]<\/p>\n<h2>Nos valeurs<\/h2>\n<p>[\/et_pb_text][et_pb_blurb title=\u00a0\u00bbQualit\u00e9 des produits\u00a0\u00bb use_icon=\u00a0\u00bbon\u00a0\u00bb font_icon=\u00a0\u00bb%%24%%\u00a0\u00bb icon_color=\u00a0\u00bbgcid-95e72330-847f-40b7-98aa-161ca84ab268&Prime; icon_placement=\u00a0\u00bbleft\u00a0\u00bb content_max_width=\u00a0\u00bb1100px\u00a0\u00bb use_icon_font_size=\u00a0\u00bbon\u00a0\u00bb icon_font_size=\u00a0\u00bb56px\u00a0\u00bb content_max_width_tablet=\u00a0\u00bb1100px\u00a0\u00bb content_max_width_last_edited=\u00a0\u00bboff|desktop\u00a0\u00bb _builder_version=\u00a0\u00bb4.9.4&Prime; header_font=\u00a0\u00bbRubik|700|||||||\u00a0\u00bb header_line_height=\u00a0\u00bb1.4em\u00a0\u00bb body_font=\u00a0\u00bb||||||||\u00a0\u00bb body_font_size=\u00a0\u00bb15px\u00a0\u00bb body_line_height=\u00a0\u00bb1.8em\u00a0\u00bb custom_margin=\u00a0\u00bb|||\u00a0\u00bb custom_padding=\u00a0\u00bb||0px|||\u00a0\u00bb animation_style=\u00a0\u00bbslide\u00a0\u00bb animation_direction=\u00a0\u00bbright\u00a0\u00bb animation_intensity_slide=\u00a0\u00bb10%\u00a0\u00bb animation=\u00a0\u00bboff\u00a0\u00bb global_colors_info=\u00a0\u00bb{%22gcid-95e72330-847f-40b7-98aa-161ca84ab268%22:%91%22icon_color%22%93}\u00a0\u00bb][\/et_pb_blurb][et_pb_blurb title=\u00a0\u00bbDisponibilit\u00e9 imm\u00e9diate des mat\u00e9riaux\u00a0\u00bb use_icon=\u00a0\u00bbon\u00a0\u00bb font_icon=\u00a0\u00bb%%24%%\u00a0\u00bb icon_color=\u00a0\u00bbgcid-95e72330-847f-40b7-98aa-161ca84ab268&Prime; icon_placement=\u00a0\u00bbleft\u00a0\u00bb content_max_width=\u00a0\u00bb1100px\u00a0\u00bb use_icon_font_size=\u00a0\u00bbon\u00a0\u00bb icon_font_size=\u00a0\u00bb56px\u00a0\u00bb content_max_width_tablet=\u00a0\u00bb1100px\u00a0\u00bb content_max_width_last_edited=\u00a0\u00bboff|desktop\u00a0\u00bb _builder_version=\u00a0\u00bb4.9.4&Prime; header_font=\u00a0\u00bbRubik|700|||||||\u00a0\u00bb header_line_height=\u00a0\u00bb1.4em\u00a0\u00bb body_font=\u00a0\u00bb||||||||\u00a0\u00bb body_font_size=\u00a0\u00bb15px\u00a0\u00bb body_line_height=\u00a0\u00bb1.8em\u00a0\u00bb custom_margin=\u00a0\u00bb||42px|||\u00a0\u00bb custom_padding=\u00a0\u00bb|||\u00a0\u00bb animation_style=\u00a0\u00bbslide\u00a0\u00bb animation_direction=\u00a0\u00bbright\u00a0\u00bb animation_intensity_slide=\u00a0\u00bb10%\u00a0\u00bb animation=\u00a0\u00bboff\u00a0\u00bb hover_enabled=\u00a0\u00bb0&Prime; global_colors_info=\u00a0\u00bb{%22gcid-68c5bbb8-ded4-417f-8ad9-961e4301d7be%22:%91%93,%22gcid-95e72330-847f-40b7-98aa-161ca84ab268%22:%91%22icon_color%22%93}\u00a0\u00bb sticky_enabled=\u00a0\u00bb0&Prime;][\/et_pb_blurb][et_pb_blurb title=\u00a0\u00bbAssistance technique avant et apr\u00e8s vente\u00a0\u00bb use_icon=\u00a0\u00bbon\u00a0\u00bb font_icon=\u00a0\u00bb%%24%%\u00a0\u00bb icon_color=\u00a0\u00bbgcid-68c5bbb8-ded4-417f-8ad9-961e4301d7be\u00a0\u00bb icon_placement=\u00a0\u00bbleft\u00a0\u00bb content_max_width=\u00a0\u00bb1100px\u00a0\u00bb use_icon_font_size=\u00a0\u00bbon\u00a0\u00bb icon_font_size=\u00a0\u00bb56px\u00a0\u00bb content_max_width_tablet=\u00a0\u00bb1100px\u00a0\u00bb content_max_width_last_edited=\u00a0\u00bboff|desktop\u00a0\u00bb _builder_version=\u00a0\u00bb4.9.4&Prime; header_font=\u00a0\u00bbRubik|700|||||||\u00a0\u00bb header_line_height=\u00a0\u00bb1.4em\u00a0\u00bb body_font=\u00a0\u00bb||||||||\u00a0\u00bb body_font_size=\u00a0\u00bb15px\u00a0\u00bb body_line_height=\u00a0\u00bb1.8em\u00a0\u00bb custom_margin=\u00a0\u00bb|||\u00a0\u00bb custom_padding=\u00a0\u00bb|||\u00a0\u00bb animation_style=\u00a0\u00bbslide\u00a0\u00bb animation_direction=\u00a0\u00bbright\u00a0\u00bb animation_intensity_slide=\u00a0\u00bb10%\u00a0\u00bb animation=\u00a0\u00bboff\u00a0\u00bb global_colors_info=\u00a0\u00bb{%22gcid-68c5bbb8-ded4-417f-8ad9-961e4301d7be%22:%91%22icon_color%22%93}\u00a0\u00bb][\/et_pb_blurb][\/et_pb_column][et_pb_column type=\u00a0\u00bb2_3&Prime; specialty_columns=\u00a0\u00bb2&Prime; _builder_version=\u00a0\u00bb3.25&Prime; custom_padding=\u00a0\u00bb|||\u00a0\u00bb custom_padding__hover=\u00a0\u00bb|||\u00a0\u00bb][et_pb_row_inner custom_padding_last_edited=\u00a0\u00bboff|desktop\u00a0\u00bb _builder_version=\u00a0\u00bb3.25&Prime; custom_margin=\u00a0\u00bb|||\u00a0\u00bb custom_padding=\u00a0\u00bb0px|0|0px|0|true|true\u00a0\u00bb custom_padding_tablet=\u00a0\u00bb|40px||40px||true\u00a0\u00bb][et_pb_column_inner saved_specialty_column_type=\u00a0\u00bb2_3&Prime; _builder_version=\u00a0\u00bb3.25&Prime; custom_padding=\u00a0\u00bb|||\u00a0\u00bb custom_padding__hover=\u00a0\u00bb|||\u00a0\u00bb][et_pb_image src=\u00a0\u00bbhttps:\/\/orione-srl.com\/wp-content\/uploads\/2021\/05\/steel-pipelines-and-cables-in-a-plant-scaled.jpg\u00a0\u00bb title_text=\u00a0\u00bbtuyaux et c\u00e2bles en acier dans une installation\u00a0\u00bb force_fullwidth=\u00a0\u00bbon\u00a0\u00bb align_tablet=\u00a0\u00bbcenter\u00a0\u00bb align_phone=\u00a0\u00bb\u00a0\u00bb align_last_edited=\u00a0\u00bbon|desktop\u00a0\u00bb _builder_version=\u00a0\u00bb4.9.4&Prime; min_height=\u00a0\u00bb192px\u00a0\u00bb height=\u00a0\u00bb616px\u00a0\u00bb max_height=\u00a0\u00bb806px\u00a0\u00bb custom_padding=\u00a0\u00bb||0px|||\u00a0\u00bb][\/et_pb_image][\/et_pb_column_inner][\/et_pb_row_inner][\/et_pb_column][\/et_pb_section]<\/p>\n","protected":false},"excerpt":{"rendered":"<p>\u00c0 propos de nousLa soci\u00e9t\u00e9Orione srl a \u00e9t\u00e9 fond\u00e9e en 2007 par la reprise du fabricant historique de r\u00e9ducteurs de pression du m\u00eame nom, fond\u00e9 en 1919, perp\u00e9tuant ainsi la tradition de production de r\u00e9ducteurs de pression con\u00e7us pour garantir la fiabilit\u00e9 et la durabilit\u00e9 dans les conditions de fonctionnement les plus s\u00e9v\u00e8res. Outre la [&hellip;]<\/p>\n","protected":false},"author":1,"featured_media":0,"parent":0,"menu_order":0,"comment_status":"closed","ping_status":"closed","template":"","meta":{"_et_pb_use_builder":"on","_et_pb_old_content":"","_et_gb_content_width":"","footnotes":""},"class_list":["post-1030","page","type-page","status-publish","hentry"],"yoast_head":"<!-- This site is optimized with the Yoast SEO plugin v27.5 - https:\/\/yoast.com\/product\/yoast-seo-wordpress\/ -->\n<title>\u00c0 propos de nous - Orione<\/title>\n<meta name=\"robots\" content=\"index, follow, max-snippet:-1, max-image-preview:large, max-video-preview:-1\" \/>\n<link rel=\"canonical\" href=\"https:\/\/www.orione-srl.com\/fr\/a-propos-de-nous\/\" \/>\n<meta property=\"og:locale\" content=\"fr_FR\" \/>\n<meta property=\"og:type\" content=\"article\" \/>\n<meta property=\"og:title\" content=\"\u00c0 propos de nous - Orione\" \/>\n<meta property=\"og:description\" content=\"\u00c0 propos de nousLa soci\u00e9t\u00e9Orione srl a \u00e9t\u00e9 fond\u00e9e en 2007 par la reprise du fabricant historique de r\u00e9ducteurs de pression du m\u00eame nom, fond\u00e9 en 1919, perp\u00e9tuant ainsi la tradition de production de r\u00e9ducteurs de pression con\u00e7us pour garantir la fiabilit\u00e9 et la durabilit\u00e9 dans les conditions de fonctionnement les plus s\u00e9v\u00e8res. Outre la [&hellip;]\" \/>\n<meta property=\"og:url\" content=\"https:\/\/www.orione-srl.com\/fr\/a-propos-de-nous\/\" \/>\n<meta property=\"og:site_name\" content=\"Orione\" \/>\n<meta property=\"article:modified_time\" content=\"2021-10-12T14:20:33+00:00\" \/>\n<meta name=\"twitter:card\" content=\"summary_large_image\" \/>\n<meta name=\"twitter:label1\" content=\"Dur\u00e9e de lecture estim\u00e9e\" \/>\n\t<meta name=\"twitter:data1\" content=\"6 minutes\" \/>\n<script type=\"application\/ld+json\" class=\"yoast-schema-graph\">{\"@context\":\"https:\\\/\\\/schema.org\",\"@graph\":[{\"@type\":\"WebPage\",\"@id\":\"https:\\\/\\\/www.orione-srl.com\\\/fr\\\/a-propos-de-nous\\\/\",\"url\":\"https:\\\/\\\/www.orione-srl.com\\\/fr\\\/a-propos-de-nous\\\/\",\"name\":\"\u00c0 propos de nous - Orione\",\"isPartOf\":{\"@id\":\"https:\\\/\\\/www.orione-srl.com\\\/fr\\\/#website\"},\"datePublished\":\"2021-10-11T06:27:12+00:00\",\"dateModified\":\"2021-10-12T14:20:33+00:00\",\"breadcrumb\":{\"@id\":\"https:\\\/\\\/www.orione-srl.com\\\/fr\\\/a-propos-de-nous\\\/#breadcrumb\"},\"inLanguage\":\"fr-FR\",\"potentialAction\":[{\"@type\":\"ReadAction\",\"target\":[\"https:\\\/\\\/www.orione-srl.com\\\/fr\\\/a-propos-de-nous\\\/\"]}]},{\"@type\":\"BreadcrumbList\",\"@id\":\"https:\\\/\\\/www.orione-srl.com\\\/fr\\\/a-propos-de-nous\\\/#breadcrumb\",\"itemListElement\":[{\"@type\":\"ListItem\",\"position\":1,\"name\":\"Home\",\"item\":\"https:\\\/\\\/www.orione-srl.com\\\/fr\\\/home\\\/\"},{\"@type\":\"ListItem\",\"position\":2,\"name\":\"\u00c0 propos de nous\"}]},{\"@type\":\"WebSite\",\"@id\":\"https:\\\/\\\/www.orione-srl.com\\\/fr\\\/#website\",\"url\":\"https:\\\/\\\/www.orione-srl.com\\\/fr\\\/\",\"name\":\"Orione Srl\",\"description\":\"Prodotti e impianti Skid\",\"publisher\":{\"@id\":\"https:\\\/\\\/www.orione-srl.com\\\/fr\\\/#organization\"},\"potentialAction\":[{\"@type\":\"SearchAction\",\"target\":{\"@type\":\"EntryPoint\",\"urlTemplate\":\"https:\\\/\\\/www.orione-srl.com\\\/fr\\\/?s={search_term_string}\"},\"query-input\":{\"@type\":\"PropertyValueSpecification\",\"valueRequired\":true,\"valueName\":\"search_term_string\"}}],\"inLanguage\":\"fr-FR\"},{\"@type\":\"Organization\",\"@id\":\"https:\\\/\\\/www.orione-srl.com\\\/fr\\\/#organization\",\"name\":\"Orione Srl\",\"url\":\"https:\\\/\\\/www.orione-srl.com\\\/fr\\\/\",\"logo\":{\"@type\":\"ImageObject\",\"inLanguage\":\"fr-FR\",\"@id\":\"https:\\\/\\\/www.orione-srl.com\\\/fr\\\/#\\\/schema\\\/logo\\\/image\\\/\",\"url\":\"https:\\\/\\\/www.orione-srl.com\\\/wp-content\\\/uploads\\\/2021\\\/05\\\/logo-orione.png\",\"contentUrl\":\"https:\\\/\\\/www.orione-srl.com\\\/wp-content\\\/uploads\\\/2021\\\/05\\\/logo-orione.png\",\"width\":215,\"height\":70,\"caption\":\"Orione Srl\"},\"image\":{\"@id\":\"https:\\\/\\\/www.orione-srl.com\\\/fr\\\/#\\\/schema\\\/logo\\\/image\\\/\"}}]}<\/script>\n<!-- \/ Yoast SEO plugin. -->","yoast_head_json":{"title":"\u00c0 propos de nous - Orione","robots":{"index":"index","follow":"follow","max-snippet":"max-snippet:-1","max-image-preview":"max-image-preview:large","max-video-preview":"max-video-preview:-1"},"canonical":"https:\/\/www.orione-srl.com\/fr\/a-propos-de-nous\/","og_locale":"fr_FR","og_type":"article","og_title":"\u00c0 propos de nous - Orione","og_description":"\u00c0 propos de nousLa soci\u00e9t\u00e9Orione srl a \u00e9t\u00e9 fond\u00e9e en 2007 par la reprise du fabricant historique de r\u00e9ducteurs de pression du m\u00eame nom, fond\u00e9 en 1919, perp\u00e9tuant ainsi la tradition de production de r\u00e9ducteurs de pression con\u00e7us pour garantir la fiabilit\u00e9 et la durabilit\u00e9 dans les conditions de fonctionnement les plus s\u00e9v\u00e8res. Outre la [&hellip;]","og_url":"https:\/\/www.orione-srl.com\/fr\/a-propos-de-nous\/","og_site_name":"Orione","article_modified_time":"2021-10-12T14:20:33+00:00","twitter_card":"summary_large_image","twitter_misc":{"Dur\u00e9e de lecture estim\u00e9e":"6 minutes"},"schema":{"@context":"https:\/\/schema.org","@graph":[{"@type":"WebPage","@id":"https:\/\/www.orione-srl.com\/fr\/a-propos-de-nous\/","url":"https:\/\/www.orione-srl.com\/fr\/a-propos-de-nous\/","name":"\u00c0 propos de nous - Orione","isPartOf":{"@id":"https:\/\/www.orione-srl.com\/fr\/#website"},"datePublished":"2021-10-11T06:27:12+00:00","dateModified":"2021-10-12T14:20:33+00:00","breadcrumb":{"@id":"https:\/\/www.orione-srl.com\/fr\/a-propos-de-nous\/#breadcrumb"},"inLanguage":"fr-FR","potentialAction":[{"@type":"ReadAction","target":["https:\/\/www.orione-srl.com\/fr\/a-propos-de-nous\/"]}]},{"@type":"BreadcrumbList","@id":"https:\/\/www.orione-srl.com\/fr\/a-propos-de-nous\/#breadcrumb","itemListElement":[{"@type":"ListItem","position":1,"name":"Home","item":"https:\/\/www.orione-srl.com\/fr\/home\/"},{"@type":"ListItem","position":2,"name":"\u00c0 propos de nous"}]},{"@type":"WebSite","@id":"https:\/\/www.orione-srl.com\/fr\/#website","url":"https:\/\/www.orione-srl.com\/fr\/","name":"Orione Srl","description":"Prodotti e impianti Skid","publisher":{"@id":"https:\/\/www.orione-srl.com\/fr\/#organization"},"potentialAction":[{"@type":"SearchAction","target":{"@type":"EntryPoint","urlTemplate":"https:\/\/www.orione-srl.com\/fr\/?s={search_term_string}"},"query-input":{"@type":"PropertyValueSpecification","valueRequired":true,"valueName":"search_term_string"}}],"inLanguage":"fr-FR"},{"@type":"Organization","@id":"https:\/\/www.orione-srl.com\/fr\/#organization","name":"Orione Srl","url":"https:\/\/www.orione-srl.com\/fr\/","logo":{"@type":"ImageObject","inLanguage":"fr-FR","@id":"https:\/\/www.orione-srl.com\/fr\/#\/schema\/logo\/image\/","url":"https:\/\/www.orione-srl.com\/wp-content\/uploads\/2021\/05\/logo-orione.png","contentUrl":"https:\/\/www.orione-srl.com\/wp-content\/uploads\/2021\/05\/logo-orione.png","width":215,"height":70,"caption":"Orione Srl"},"image":{"@id":"https:\/\/www.orione-srl.com\/fr\/#\/schema\/logo\/image\/"}}]}},"_links":{"self":[{"href":"https:\/\/www.orione-srl.com\/fr\/wp-json\/wp\/v2\/pages\/1030","targetHints":{"allow":["GET"]}}],"collection":[{"href":"https:\/\/www.orione-srl.com\/fr\/wp-json\/wp\/v2\/pages"}],"about":[{"href":"https:\/\/www.orione-srl.com\/fr\/wp-json\/wp\/v2\/types\/page"}],"author":[{"embeddable":true,"href":"https:\/\/www.orione-srl.com\/fr\/wp-json\/wp\/v2\/users\/1"}],"replies":[{"embeddable":true,"href":"https:\/\/www.orione-srl.com\/fr\/wp-json\/wp\/v2\/comments?post=1030"}],"version-history":[{"count":5,"href":"https:\/\/www.orione-srl.com\/fr\/wp-json\/wp\/v2\/pages\/1030\/revisions"}],"predecessor-version":[{"id":1068,"href":"https:\/\/www.orione-srl.com\/fr\/wp-json\/wp\/v2\/pages\/1030\/revisions\/1068"}],"wp:attachment":[{"href":"https:\/\/www.orione-srl.com\/fr\/wp-json\/wp\/v2\/media?parent=1030"}],"curies":[{"name":"wp","href":"https:\/\/api.w.org\/{rel}","templated":true}]}}