{"id":936,"date":"2021-10-08T11:35:42","date_gmt":"2021-10-08T09:35:42","guid":{"rendered":"https:\/\/orione.abacus85.it\/ueber-uns\/"},"modified":"2021-10-08T11:35:42","modified_gmt":"2021-10-08T09:35:42","slug":"ueber-uns","status":"publish","type":"page","link":"https:\/\/www.orione-srl.com\/de\/ueber-uns\/","title":{"rendered":"\u00dcber uns"},"content":{"rendered":"<p>[et_pb_section fb_built=&#8220;1&#8243; admin_label=&#8220;Hero&#8220; _builder_version=&#8220;4.9.4&#8243; use_background_color_gradient=&#8220;on&#8220; background_color_gradient_start=&#8220;rgba(40,40,40,0.79)&#8220; background_color_gradient_end=&#8220;rgba(40,40,40,0.86)&#8220; background_color_gradient_type=&#8220;radial&#8220; background_color_gradient_direction_radial=&#8220;top left&#8220; background_color_gradient_overlays_image=&#8220;on&#8220; background_image=&#8220;https:\/\/orione-srl.com\/wp-content\/uploads\/2021\/05\/double-exposure-image-many-business-people-conference-group-meeting-city-office-building-background-showing-partnership-success-business-deal-scaled.jpg&#8220; custom_margin=&#8220;||||false&#8220; custom_padding=&#8220;2vw||2vw||true|false&#8220;][et_pb_row column_structure=&#8220;2_3,1_3&#8243; _builder_version=&#8220;3.25&#8243;][et_pb_column type=&#8220;2_3&#8243; _builder_version=&#8220;3.25&#8243; custom_padding=&#8220;|||&#8220; custom_padding__hover=&#8220;|||&#8220;][et_pb_text _builder_version=&#8220;4.9.4&#8243; text_font=&#8220;||||||||&#8220; header_font=&#8220;Rubik|700|||||||&#8220; header_font_size=&#8220;64px&#8220; header_line_height=&#8220;1.1em&#8220; background_layout=&#8220;dark&#8220; max_width=&#8220;800px&#8220; custom_margin=&#8220;||0px|&#8220; custom_padding=&#8220;|||16px&#8220; text_font_size_tablet=&#8220;14px&#8220; text_font_size_last_edited=&#8220;off|desktop&#8220; header_font_size_tablet=&#8220;44px&#8220; header_font_size_phone=&#8220;32px&#8220; header_font_size_last_edited=&#8220;on|phone&#8220; border_color_all=&#8220;#ffb400&#8243; border_width_left=&#8220;10px&#8220; border_color_left=&#8220;#f96917&#8243;]<\/p>\n<h1>\u00dcber uns<\/h1>\n<p>[\/et_pb_text][\/et_pb_column][et_pb_column type=&#8220;1_3&#8243; _builder_version=&#8220;3.25&#8243; custom_padding=&#8220;|||&#8220; custom_padding__hover=&#8220;|||&#8220;][\/et_pb_column][\/et_pb_row][\/et_pb_section][et_pb_section fb_built=&#8220;1&#8243; admin_label=&#8220;About Us&#8220; _builder_version=&#8220;3.22&#8243;][et_pb_row _builder_version=&#8220;3.25&#8243;][et_pb_column type=&#8220;4_4&#8243; _builder_version=&#8220;3.25&#8243; custom_padding=&#8220;|||&#8220; custom_padding__hover=&#8220;|||&#8220;][et_pb_text _builder_version=&#8220;3.27.4&#8243; text_font=&#8220;||||||||&#8220; header_font=&#8220;||||||||&#8220; header_2_font=&#8220;Rubik|700|||||||&#8220; header_2_font_size=&#8220;42px&#8220; header_2_line_height=&#8220;1.2em&#8220; text_orientation=&#8220;center&#8220; module_alignment=&#8220;center&#8220; custom_margin=&#8220;|||&#8220; custom_padding=&#8220;|||&#8220; header_2_font_size_tablet=&#8220;&#8220; header_2_font_size_phone=&#8220;36px&#8220; header_2_font_size_last_edited=&#8220;on|phone&#8220; locked=&#8220;off&#8220;]<\/p>\n<h2>Das Unternehmen<\/h2>\n<p>[\/et_pb_text][et_pb_divider color=&#8220;#f96917&#8243; divider_position=&#8220;center&#8220; divider_weight=&#8220;5px&#8220; _builder_version=&#8220;4.9.4&#8243; max_width=&#8220;50px&#8220; module_alignment=&#8220;center&#8220; locked=&#8220;off&#8220;][\/et_pb_divider][\/et_pb_column][\/et_pb_row][et_pb_row column_structure=&#8220;1_2,1_2&#8243; _builder_version=&#8220;3.25&#8243;][et_pb_column type=&#8220;1_2&#8243; _builder_version=&#8220;3.25&#8243; custom_padding=&#8220;|||&#8220; custom_padding__hover=&#8220;|||&#8220;][et_pb_text _builder_version=&#8220;4.9.4&#8243; text_font=&#8220;||||||||&#8220; text_font_size=&#8220;15px&#8220; text_line_height=&#8220;1.8em&#8220; custom_padding=&#8220;|||&#8220; custom_padding_tablet=&#8220;|40px||40px||true&#8220; custom_padding_last_edited=&#8220;off|desktop&#8220; hover_enabled=&#8220;0&#8243; sticky_enabled=&#8220;0&#8243;]<\/p>\n<p style=\"text-align: center;\">Orione srl wurde 2007 durch die \u00dcbernahme des gleichnamigen und historischen Herstellers von Druckminderern aus dem Jahr 1919 gegr\u00fcndet und setzt damit die Tradition der Herstellung von Druckminderern fort, die auf Zuverl\u00e4ssigkeit und Langlebigkeit unter h\u00e4rtesten Betriebsbedingungen ausgelegt sind.<\/p>\n<p style=\"text-align: center;\">Neben dem Verkauf von Industrieprodukten hat das Unternehmen in seinem Gesch\u00e4ft Flansche, Fittings, Eisen- und verzinkte Rohre, spezifische Produkte f\u00fcr die Lebensmittel-, Kosmetik- und Pharmaindustrie wie Pumpen, R\u00fchrwerke, Mischer, Edelstahlfittings, flexible Rohre und Fittings spezifische FDA-Zertifikate.<\/p>\n<p>[\/et_pb_text][\/et_pb_column][et_pb_column type=&#8220;1_2&#8243; _builder_version=&#8220;3.25&#8243; custom_padding=&#8220;|||&#8220; custom_padding__hover=&#8220;|||&#8220;][et_pb_text _builder_version=&#8220;4.9.4&#8243; text_font=&#8220;||||||||&#8220; text_font_size=&#8220;15px&#8220; text_line_height=&#8220;1.8em&#8220; custom_padding=&#8220;|||&#8220; custom_padding_tablet=&#8220;|40px||40px||true&#8220; custom_padding_last_edited=&#8220;off|desktop&#8220; hover_enabled=&#8220;0&#8243; locked=&#8220;off&#8220; sticky_enabled=&#8220;0&#8243;]<\/p>\n<p style=\"text-align: center;\">Dank der Zusammenarbeit von Unternehmen, die Produkte herstellen, die auf Sektoren wie die Herstellung von kosmetischen Cremes, Shampoos, Conditionern und Trichologie im Allgemeinen ausgerichtet sind, k\u00f6nnen wir alle Bed\u00fcrfnisse befriedigen und uns unseren Kunden als klarer Bezugspunkt anbieten, nicht nur in Bezug auf der Qualit\u00e4t der angebotenen Produkte und der sofortigen Verf\u00fcgbarkeit von Materialien, sondern auch um die technische Unterst\u00fctzung vor und nach dem Kauf zu gew\u00e4hrleisten, von der Planung bis zum Bau von Skidsystemen und Maschinen.<\/p>\n<p>[\/et_pb_text][\/et_pb_column][\/et_pb_row][\/et_pb_section][et_pb_section fb_built=&#8220;1&#8243; specialty=&#8220;on&#8220; padding_top_bottom_link_1=&#8220;true&#8220; padding_left_right_link_1=&#8220;false&#8220; padding_top_1=&#8220;80px&#8220; padding_bottom_1=&#8220;80px&#8220; padding_left_1=&#8220;60px&#8220; padding_1_tablet=&#8220;|10%||10%||true&#8220; padding_1_phone=&#8220;&#8220; padding_1_last_edited=&#8220;on|desktop&#8220; admin_label=&#8220;About Us Continued&#8220; _builder_version=&#8220;4.9.4&#8243; background_color=&#8220;#f7f7f7&#8243; inner_width=&#8220;100%&#8220; inner_max_width=&#8220;100%&#8220; custom_padding=&#8220;0||||false|false&#8220; hover_enabled=&#8220;0&#8243; use_custom_width=&#8220;on&#8220; width_unit=&#8220;off&#8220; custom_width_percent=&#8220;100%&#8220; sticky_enabled=&#8220;0&#8243;][et_pb_column type=&#8220;1_3&#8243; _builder_version=&#8220;3.25&#8243; custom_padding=&#8220;|||&#8220; padding_tablet=&#8220;|10%||10%||true&#8220; padding_last_edited=&#8220;on|desktop&#8220; custom_padding__hover=&#8220;|||&#8220;][et_pb_text _builder_version=&#8220;3.27.4&#8243; text_font=&#8220;||||||||&#8220; header_font=&#8220;||||||||&#8220; header_2_font=&#8220;Rubik|700|||||||&#8220; header_2_font_size=&#8220;32px&#8220; header_2_line_height=&#8220;1.2em&#8220; custom_margin=&#8220;|||&#8220; custom_padding=&#8220;|||&#8220; header_2_font_size_last_edited=&#8220;off|desktop&#8220; locked=&#8220;off&#8220;]<\/p>\n<h2>Unsere Werte<\/h2>\n<p>[\/et_pb_text][et_pb_blurb title=&#8220;Produktqualit\u00e4t&#8220; use_icon=&#8220;on&#8220; font_icon=&#8220;%%24%%&#8220; icon_color=&#8220;gcid-95e72330-847f-40b7-98aa-161ca84ab268&#8243; icon_placement=&#8220;left&#8220; content_max_width=&#8220;1100px&#8220; use_icon_font_size=&#8220;on&#8220; icon_font_size=&#8220;56px&#8220; content_max_width_tablet=&#8220;1100px&#8220; content_max_width_last_edited=&#8220;off|desktop&#8220; _builder_version=&#8220;4.9.4&#8243; header_font=&#8220;Rubik|700|||||||&#8220; header_line_height=&#8220;1.4em&#8220; body_font=&#8220;||||||||&#8220; body_font_size=&#8220;15px&#8220; body_line_height=&#8220;1.8em&#8220; custom_margin=&#8220;|||&#8220; custom_padding=&#8220;||0px|||&#8220; animation_style=&#8220;slide&#8220; animation_direction=&#8220;right&#8220; animation_intensity_slide=&#8220;10%&#8220; animation=&#8220;off&#8220; global_colors_info=&#8220;{%22gcid-95e72330-847f-40b7-98aa-161ca84ab268%22:%91%22icon_color%22%93}&#8220;][\/et_pb_blurb][et_pb_blurb title=&#8220;Sofortige Materialverf\u00fcgbarkeit&#8220; use_icon=&#8220;on&#8220; font_icon=&#8220;%%24%%&#8220; icon_color=&#8220;gcid-95e72330-847f-40b7-98aa-161ca84ab268&#8243; icon_placement=&#8220;left&#8220; content_max_width=&#8220;1100px&#8220; use_icon_font_size=&#8220;on&#8220; icon_font_size=&#8220;56px&#8220; content_max_width_tablet=&#8220;1100px&#8220; content_max_width_last_edited=&#8220;off|desktop&#8220; _builder_version=&#8220;4.9.4&#8243; header_font=&#8220;Rubik|700|||||||&#8220; header_line_height=&#8220;1.4em&#8220; body_font=&#8220;||||||||&#8220; body_font_size=&#8220;15px&#8220; body_line_height=&#8220;1.8em&#8220; custom_margin=&#8220;||42px|||&#8220; custom_padding=&#8220;|||&#8220; animation_style=&#8220;slide&#8220; animation_direction=&#8220;right&#8220; animation_intensity_slide=&#8220;10%&#8220; animation=&#8220;off&#8220; hover_enabled=&#8220;0&#8243; global_colors_info=&#8220;{%22gcid-68c5bbb8-ded4-417f-8ad9-961e4301d7be%22:%91%93,%22gcid-95e72330-847f-40b7-98aa-161ca84ab268%22:%91%22icon_color%22%93}&#8220; sticky_enabled=&#8220;0&#8243;][\/et_pb_blurb][et_pb_blurb title=&#8220;Technische Unterst\u00fctzung vor und nach dem Verkauf&#8220; use_icon=&#8220;on&#8220; font_icon=&#8220;%%24%%&#8220; icon_color=&#8220;gcid-68c5bbb8-ded4-417f-8ad9-961e4301d7be&#8220; icon_placement=&#8220;left&#8220; content_max_width=&#8220;1100px&#8220; use_icon_font_size=&#8220;on&#8220; icon_font_size=&#8220;56px&#8220; content_max_width_tablet=&#8220;1100px&#8220; content_max_width_last_edited=&#8220;off|desktop&#8220; _builder_version=&#8220;4.9.4&#8243; header_font=&#8220;Rubik|700|||||||&#8220; header_line_height=&#8220;1.4em&#8220; body_font=&#8220;||||||||&#8220; body_font_size=&#8220;15px&#8220; body_line_height=&#8220;1.8em&#8220; custom_margin=&#8220;|||&#8220; custom_padding=&#8220;|||&#8220; animation_style=&#8220;slide&#8220; animation_direction=&#8220;right&#8220; animation_intensity_slide=&#8220;10%&#8220; animation=&#8220;off&#8220; global_colors_info=&#8220;{%22gcid-68c5bbb8-ded4-417f-8ad9-961e4301d7be%22:%91%22icon_color%22%93}&#8220;][\/et_pb_blurb][\/et_pb_column][et_pb_column type=&#8220;2_3&#8243; specialty_columns=&#8220;2&#8243; _builder_version=&#8220;3.25&#8243; custom_padding=&#8220;|||&#8220; custom_padding__hover=&#8220;|||&#8220;][et_pb_row_inner custom_padding_last_edited=&#8220;off|desktop&#8220; _builder_version=&#8220;3.25&#8243; custom_margin=&#8220;|||&#8220; custom_padding=&#8220;0px|0|0px|0|true|true&#8220; custom_padding_tablet=&#8220;|40px||40px||true&#8220;][et_pb_column_inner saved_specialty_column_type=&#8220;2_3&#8243; _builder_version=&#8220;3.25&#8243; custom_padding=&#8220;|||&#8220; custom_padding__hover=&#8220;|||&#8220;][et_pb_image src=&#8220;https:\/\/orione-srl.com\/wp-content\/uploads\/2021\/05\/steel-pipelines-and-cables-in-a-plant-scaled.jpg&#8220; title_text=&#8220;Stahlrohrleitungen und kabel in einer Anlage&#8220; force_fullwidth=&#8220;on&#8220; align_tablet=&#8220;center&#8220; align_phone=&#8220;&#8220; align_last_edited=&#8220;on|desktop&#8220; _builder_version=&#8220;4.9.4&#8243; min_height=&#8220;192px&#8220; height=&#8220;616px&#8220; max_height=&#8220;806px&#8220; custom_padding=&#8220;||0px|||&#8220;][\/et_pb_image][\/et_pb_column_inner][\/et_pb_row_inner][\/et_pb_column][\/et_pb_section]<\/p>\n","protected":false},"excerpt":{"rendered":"<p>\u00dcber unsDas UnternehmenOrione srl wurde 2007 durch die \u00dcbernahme des gleichnamigen und historischen Herstellers von Druckminderern aus dem Jahr 1919 gegr\u00fcndet und setzt damit die Tradition der Herstellung von Druckminderern fort, die auf Zuverl\u00e4ssigkeit und Langlebigkeit unter h\u00e4rtesten Betriebsbedingungen ausgelegt sind. Neben dem Verkauf von Industrieprodukten hat das Unternehmen in seinem Gesch\u00e4ft Flansche, Fittings, Eisen- [&hellip;]<\/p>\n","protected":false},"author":1,"featured_media":0,"parent":0,"menu_order":0,"comment_status":"closed","ping_status":"closed","template":"","meta":{"_et_pb_use_builder":"on","_et_pb_old_content":"","_et_gb_content_width":"","footnotes":""},"class_list":["post-936","page","type-page","status-publish","hentry"],"yoast_head":"<!-- This site is optimized with the Yoast SEO plugin v27.4 - https:\/\/yoast.com\/product\/yoast-seo-wordpress\/ -->\n<title>\u00dcber uns - Orione<\/title>\n<meta name=\"robots\" content=\"index, follow, max-snippet:-1, max-image-preview:large, max-video-preview:-1\" \/>\n<link rel=\"canonical\" href=\"https:\/\/www.orione-srl.com\/de\/ueber-uns\/\" \/>\n<meta property=\"og:locale\" content=\"de_DE\" \/>\n<meta property=\"og:type\" content=\"article\" \/>\n<meta property=\"og:title\" content=\"\u00dcber uns - Orione\" \/>\n<meta property=\"og:description\" content=\"\u00dcber unsDas UnternehmenOrione srl wurde 2007 durch die \u00dcbernahme des gleichnamigen und historischen Herstellers von Druckminderern aus dem Jahr 1919 gegr\u00fcndet und setzt damit die Tradition der Herstellung von Druckminderern fort, die auf Zuverl\u00e4ssigkeit und Langlebigkeit unter h\u00e4rtesten Betriebsbedingungen ausgelegt sind. Neben dem Verkauf von Industrieprodukten hat das Unternehmen in seinem Gesch\u00e4ft Flansche, Fittings, Eisen- [&hellip;]\" \/>\n<meta property=\"og:url\" content=\"https:\/\/www.orione-srl.com\/de\/ueber-uns\/\" \/>\n<meta property=\"og:site_name\" content=\"Orione\" \/>\n<meta name=\"twitter:card\" content=\"summary_large_image\" \/>\n<meta name=\"twitter:label1\" content=\"Gesch\u00e4tzte Lesezeit\" \/>\n\t<meta name=\"twitter:data1\" content=\"6\u00a0Minuten\" \/>\n<script type=\"application\/ld+json\" class=\"yoast-schema-graph\">{\"@context\":\"https:\\\/\\\/schema.org\",\"@graph\":[{\"@type\":\"WebPage\",\"@id\":\"https:\\\/\\\/www.orione-srl.com\\\/de\\\/ueber-uns\\\/\",\"url\":\"https:\\\/\\\/www.orione-srl.com\\\/de\\\/ueber-uns\\\/\",\"name\":\"\u00dcber uns - Orione\",\"isPartOf\":{\"@id\":\"https:\\\/\\\/www.orione-srl.com\\\/de\\\/#website\"},\"datePublished\":\"2021-10-08T09:35:42+00:00\",\"breadcrumb\":{\"@id\":\"https:\\\/\\\/www.orione-srl.com\\\/de\\\/ueber-uns\\\/#breadcrumb\"},\"inLanguage\":\"de\",\"potentialAction\":[{\"@type\":\"ReadAction\",\"target\":[\"https:\\\/\\\/www.orione-srl.com\\\/de\\\/ueber-uns\\\/\"]}]},{\"@type\":\"BreadcrumbList\",\"@id\":\"https:\\\/\\\/www.orione-srl.com\\\/de\\\/ueber-uns\\\/#breadcrumb\",\"itemListElement\":[{\"@type\":\"ListItem\",\"position\":1,\"name\":\"Home\",\"item\":\"https:\\\/\\\/www.orione-srl.com\\\/de\\\/home\\\/\"},{\"@type\":\"ListItem\",\"position\":2,\"name\":\"\u00dcber uns\"}]},{\"@type\":\"WebSite\",\"@id\":\"https:\\\/\\\/www.orione-srl.com\\\/de\\\/#website\",\"url\":\"https:\\\/\\\/www.orione-srl.com\\\/de\\\/\",\"name\":\"Orione Srl\",\"description\":\"Prodotti e impianti Skid\",\"publisher\":{\"@id\":\"https:\\\/\\\/www.orione-srl.com\\\/de\\\/#organization\"},\"potentialAction\":[{\"@type\":\"SearchAction\",\"target\":{\"@type\":\"EntryPoint\",\"urlTemplate\":\"https:\\\/\\\/www.orione-srl.com\\\/de\\\/?s={search_term_string}\"},\"query-input\":{\"@type\":\"PropertyValueSpecification\",\"valueRequired\":true,\"valueName\":\"search_term_string\"}}],\"inLanguage\":\"de\"},{\"@type\":\"Organization\",\"@id\":\"https:\\\/\\\/www.orione-srl.com\\\/de\\\/#organization\",\"name\":\"Orione Srl\",\"url\":\"https:\\\/\\\/www.orione-srl.com\\\/de\\\/\",\"logo\":{\"@type\":\"ImageObject\",\"inLanguage\":\"de\",\"@id\":\"https:\\\/\\\/www.orione-srl.com\\\/de\\\/#\\\/schema\\\/logo\\\/image\\\/\",\"url\":\"https:\\\/\\\/www.orione-srl.com\\\/wp-content\\\/uploads\\\/2021\\\/05\\\/logo-orione.png\",\"contentUrl\":\"https:\\\/\\\/www.orione-srl.com\\\/wp-content\\\/uploads\\\/2021\\\/05\\\/logo-orione.png\",\"width\":215,\"height\":70,\"caption\":\"Orione Srl\"},\"image\":{\"@id\":\"https:\\\/\\\/www.orione-srl.com\\\/de\\\/#\\\/schema\\\/logo\\\/image\\\/\"}}]}<\/script>\n<!-- \/ Yoast SEO plugin. -->","yoast_head_json":{"title":"\u00dcber uns - Orione","robots":{"index":"index","follow":"follow","max-snippet":"max-snippet:-1","max-image-preview":"max-image-preview:large","max-video-preview":"max-video-preview:-1"},"canonical":"https:\/\/www.orione-srl.com\/de\/ueber-uns\/","og_locale":"de_DE","og_type":"article","og_title":"\u00dcber uns - Orione","og_description":"\u00dcber unsDas UnternehmenOrione srl wurde 2007 durch die \u00dcbernahme des gleichnamigen und historischen Herstellers von Druckminderern aus dem Jahr 1919 gegr\u00fcndet und setzt damit die Tradition der Herstellung von Druckminderern fort, die auf Zuverl\u00e4ssigkeit und Langlebigkeit unter h\u00e4rtesten Betriebsbedingungen ausgelegt sind. Neben dem Verkauf von Industrieprodukten hat das Unternehmen in seinem Gesch\u00e4ft Flansche, Fittings, Eisen- [&hellip;]","og_url":"https:\/\/www.orione-srl.com\/de\/ueber-uns\/","og_site_name":"Orione","twitter_card":"summary_large_image","twitter_misc":{"Gesch\u00e4tzte Lesezeit":"6\u00a0Minuten"},"schema":{"@context":"https:\/\/schema.org","@graph":[{"@type":"WebPage","@id":"https:\/\/www.orione-srl.com\/de\/ueber-uns\/","url":"https:\/\/www.orione-srl.com\/de\/ueber-uns\/","name":"\u00dcber uns - Orione","isPartOf":{"@id":"https:\/\/www.orione-srl.com\/de\/#website"},"datePublished":"2021-10-08T09:35:42+00:00","breadcrumb":{"@id":"https:\/\/www.orione-srl.com\/de\/ueber-uns\/#breadcrumb"},"inLanguage":"de","potentialAction":[{"@type":"ReadAction","target":["https:\/\/www.orione-srl.com\/de\/ueber-uns\/"]}]},{"@type":"BreadcrumbList","@id":"https:\/\/www.orione-srl.com\/de\/ueber-uns\/#breadcrumb","itemListElement":[{"@type":"ListItem","position":1,"name":"Home","item":"https:\/\/www.orione-srl.com\/de\/home\/"},{"@type":"ListItem","position":2,"name":"\u00dcber uns"}]},{"@type":"WebSite","@id":"https:\/\/www.orione-srl.com\/de\/#website","url":"https:\/\/www.orione-srl.com\/de\/","name":"Orione Srl","description":"Prodotti e impianti Skid","publisher":{"@id":"https:\/\/www.orione-srl.com\/de\/#organization"},"potentialAction":[{"@type":"SearchAction","target":{"@type":"EntryPoint","urlTemplate":"https:\/\/www.orione-srl.com\/de\/?s={search_term_string}"},"query-input":{"@type":"PropertyValueSpecification","valueRequired":true,"valueName":"search_term_string"}}],"inLanguage":"de"},{"@type":"Organization","@id":"https:\/\/www.orione-srl.com\/de\/#organization","name":"Orione Srl","url":"https:\/\/www.orione-srl.com\/de\/","logo":{"@type":"ImageObject","inLanguage":"de","@id":"https:\/\/www.orione-srl.com\/de\/#\/schema\/logo\/image\/","url":"https:\/\/www.orione-srl.com\/wp-content\/uploads\/2021\/05\/logo-orione.png","contentUrl":"https:\/\/www.orione-srl.com\/wp-content\/uploads\/2021\/05\/logo-orione.png","width":215,"height":70,"caption":"Orione Srl"},"image":{"@id":"https:\/\/www.orione-srl.com\/de\/#\/schema\/logo\/image\/"}}]}},"_links":{"self":[{"href":"https:\/\/www.orione-srl.com\/de\/wp-json\/wp\/v2\/pages\/936","targetHints":{"allow":["GET"]}}],"collection":[{"href":"https:\/\/www.orione-srl.com\/de\/wp-json\/wp\/v2\/pages"}],"about":[{"href":"https:\/\/www.orione-srl.com\/de\/wp-json\/wp\/v2\/types\/page"}],"author":[{"embeddable":true,"href":"https:\/\/www.orione-srl.com\/de\/wp-json\/wp\/v2\/users\/1"}],"replies":[{"embeddable":true,"href":"https:\/\/www.orione-srl.com\/de\/wp-json\/wp\/v2\/comments?post=936"}],"version-history":[{"count":2,"href":"https:\/\/www.orione-srl.com\/de\/wp-json\/wp\/v2\/pages\/936\/revisions"}],"predecessor-version":[{"id":938,"href":"https:\/\/www.orione-srl.com\/de\/wp-json\/wp\/v2\/pages\/936\/revisions\/938"}],"wp:attachment":[{"href":"https:\/\/www.orione-srl.com\/de\/wp-json\/wp\/v2\/media?parent=936"}],"curies":[{"name":"wp","href":"https:\/\/api.w.org\/{rel}","templated":true}]}}